{"id":257,"date":"2021-03-06T13:25:37","date_gmt":"2021-03-06T12:25:37","guid":{"rendered":"http:\/\/liminjanka.com\/izdelek\/250-ml-ekoloko-olje-z-dodatki-izjemoma-po-naroilu-esen-romarin-in-pikantno\/"},"modified":"2021-11-13T08:38:05","modified_gmt":"2021-11-13T07:38:05","slug":"250-ml-ekolosko-olje-z-dodatki-izjemoma-po-narocilu-cesen-rozmarin-in-pikantno","status":"publish","type":"product","link":"https:\/\/liminjanka.com\/it\/izdelek\/250-ml-ekolosko-olje-z-dodatki-izjemoma-po-narocilu-cesen-rozmarin-in-pikantno\/","title":{"rendered":"250ml ekolo\u0161ko olje z dodatki &#8211; izjemoma po naro\u010dilu: \u010desen, ro\u017emarin in pikantno"},"content":{"rendered":"","protected":false},"excerpt":{"rendered":"","protected":false},"featured_media":0,"template":"","meta":[],"product_cat":[48],"product_tag":[38],"_links":{"self":[{"href":"https:\/\/liminjanka.com\/it\/wp-json\/wp\/v2\/product\/257"}],"collection":[{"href":"https:\/\/liminjanka.com\/it\/wp-json\/wp\/v2\/product"}],"about":[{"href":"https:\/\/liminjanka.com\/it\/wp-json\/wp\/v2\/types\/product"}],"wp:attachment":[{"href":"https:\/\/liminjanka.com\/it\/wp-json\/wp\/v2\/media?parent=257"}],"wp:term":[{"taxonomy":"product_cat","embeddable":true,"href":"https:\/\/liminjanka.com\/it\/wp-json\/wp\/v2\/product_cat?post=257"},{"taxonomy":"product_tag","embeddable":true,"href":"https:\/\/liminjanka.com\/it\/wp-json\/wp\/v2\/product_tag?post=257"}],"curies":[{"name":"wp","href":"https:\/\/api.w.org\/{rel}","templated":true}]}}